{"id":328,"date":"2025-11-24T20:07:43","date_gmt":"2025-11-24T19:07:43","guid":{"rendered":"https:\/\/mowiewpracy.pl\/?page_id=328"},"modified":"2025-12-01T21:59:09","modified_gmt":"2025-12-01T20:59:09","slug":"powiedz-to-dobrze-v2-2","status":"publish","type":"page","link":"https:\/\/mowiewpracy.pl\/index.php\/powiedz-to-dobrze-v2-2\/","title":{"rendered":"Powiedz to dobrze"},"content":{"rendered":"\n<div class=\"wp-block-group alignwide has-background is-layout-flow wp-container-core-group-is-layout-e603688c wp-block-group-is-layout-flow\" style=\"border-style:none;border-width:0px;border-radius:9px;background-color:#ffffff;margin-top:0;margin-bottom:0;padding-top:0;padding-right:0;padding-bottom:0;padding-left:0;font-size:0rem\">\n<div class=\"wp-block-columns is-layout-flex wp-container-core-columns-is-layout-28f84493 wp-block-columns-is-layout-flex\">\n<div class=\"wp-block-column is-layout-flow wp-block-column-is-layout-flow\" style=\"padding-top:var(--wp--preset--spacing--50);padding-right:var(--wp--preset--spacing--20);padding-bottom:var(--wp--preset--spacing--50);padding-left:var(--wp--preset--spacing--20)\">\n<h1 class=\"wp-block-heading\">Powiedz to dobrze<\/h1>\n\n\n\n<p>Wyst\u0105pienia publiczne nie musz\u0105 kojarzy\u0107 si\u0119 z trem\u0105 i stresem. <strong>Kluczem jest spok\u00f3j \u2014 umiej\u0119tno\u015b\u0107, kt\u00f3r\u0105 mo\u017cesz wypracowa\u0107.<\/strong> Naucz si\u0119, jak zamieni\u0107 naturalny stres w energi\u0119, budowa\u0107 autentyczn\u0105 relacj\u0119 i zyska\u0107 pe\u0142n\u0105 kontrol\u0119 nad scen\u0105<\/p>\n\n\n\n<div class=\"wp-block-buttons is-layout-flex wp-block-buttons-is-layout-flex\">\n<div class=\"wp-block-button is-style-fill\"><a class=\"wp-block-button__link has-background wp-element-button\" style=\"background-color:#872f2f\">Zobacz najwa\u017cniejsze<\/a><\/div>\n\n\n\n<div class=\"wp-block-button\"><a class=\"wp-block-button__link has-background wp-element-button\" href=\"https:\/\/mowiewpracy.pl\/index.php\/kontakt\/\" style=\"background-color:#872f2f\">UM\u00f3w konsultacje<\/a><\/div>\n<\/div>\n<\/div>\n\n\n\n<div class=\"wp-block-column is-layout-flow wp-block-column-is-layout-flow\">\n<figure class=\"wp-block-image size-full is-style-rounded is-style-rounded--1\" style=\"margin-top:var(--wp--preset--spacing--30);margin-right:var(--wp--preset--spacing--10);margin-bottom:var(--wp--preset--spacing--30);margin-left:var(--wp--preset--spacing--10)\"><img fetchpriority=\"high\" decoding=\"async\" width=\"960\" height=\"906\" src=\"http:\/\/mowiewpracy.pl\/wp-content\/uploads\/2025\/11\/srebrna-marynara.jpg\" alt=\"\" class=\"wp-image-295\" srcset=\"https:\/\/mowiewpracy.pl\/wp-content\/uploads\/2025\/11\/srebrna-marynara.jpg 960w, https:\/\/mowiewpracy.pl\/wp-content\/uploads\/2025\/11\/srebrna-marynara-300x283.jpg 300w, https:\/\/mowiewpracy.pl\/wp-content\/uploads\/2025\/11\/srebrna-marynara-768x725.jpg 768w\" sizes=\"(max-width: 960px) 100vw, 960px\" \/><\/figure>\n<\/div>\n<\/div>\n<\/div>\n\n\n\n<h2 class=\"wp-block-heading alignwide has-text-align-center\" id=\"od-tego-zacznij\">Od czego zacz\u0105\u0107? Kluczowe obszary rozwoju<\/h2>\n\n\n\n<div class=\"wp-block-group alignwide has-global-padding is-layout-constrained wp-container-core-group-is-layout-19e250f3 wp-block-group-is-layout-constrained\">\n<div class=\"wp-block-columns alignwide is-layout-flex wp-container-core-columns-is-layout-28f84493 wp-block-columns-is-layout-flex\">\n<div class=\"wp-block-column is-layout-flow wp-block-column-is-layout-flow\" style=\"flex-basis:33.33%\">\n<div class=\"wp-block-group kafelek-hover-effect has-background has-global-padding is-layout-constrained wp-container-core-group-is-layout-287b5a18 wp-block-group-is-layout-constrained\" style=\"border-style:none;border-width:0px;border-radius:14px;background-color:#ffffff;box-shadow:var(--wp--preset--shadow--natural)\">\n<h4 class=\"wp-block-heading has-text-align-center\">B\u0142\u0119dy J\u0119zykowe<\/h4>\n\n\n\n<figure class=\"wp-block-image size-full\"><img decoding=\"async\" width=\"773\" height=\"536\" src=\"http:\/\/mowiewpracy.pl\/wp-content\/uploads\/2025\/11\/bledy-jezykowe.jpg\" alt=\"\" class=\"wp-image-386\" srcset=\"https:\/\/mowiewpracy.pl\/wp-content\/uploads\/2025\/11\/bledy-jezykowe.jpg 773w, https:\/\/mowiewpracy.pl\/wp-content\/uploads\/2025\/11\/bledy-jezykowe-300x208.jpg 300w, https:\/\/mowiewpracy.pl\/wp-content\/uploads\/2025\/11\/bledy-jezykowe-768x533.jpg 768w\" sizes=\"(max-width: 773px) 100vw, 773px\" \/><\/figure>\n<\/div>\n<\/div>\n\n\n\n<div class=\"wp-block-column is-layout-flow wp-container-core-column-is-layout-8a368f38 wp-block-column-is-layout-flow\" style=\"flex-basis:33.33%\">\n<div class=\"wp-block-group kafelek-hover-effect has-background has-global-padding is-layout-constrained wp-container-core-group-is-layout-c0760594 wp-block-group-is-layout-constrained\" style=\"border-style:none;border-width:0px;border-radius:14px;background-color:#ffffff;box-shadow:var(--wp--preset--shadow--natural)\">\n<h4 class=\"wp-block-heading has-text-align-center\">G\u0142os m\u00f3wcy<\/h4>\n\n\n\n<figure class=\"wp-block-image size-full\"><img decoding=\"async\" width=\"773\" height=\"536\" src=\"http:\/\/mowiewpracy.pl\/wp-content\/uploads\/2025\/11\/glos-mowcy-1.jpg\" alt=\"\" class=\"wp-image-399\" srcset=\"https:\/\/mowiewpracy.pl\/wp-content\/uploads\/2025\/11\/glos-mowcy-1.jpg 773w, https:\/\/mowiewpracy.pl\/wp-content\/uploads\/2025\/11\/glos-mowcy-1-300x208.jpg 300w, https:\/\/mowiewpracy.pl\/wp-content\/uploads\/2025\/11\/glos-mowcy-1-768x533.jpg 768w\" sizes=\"(max-width: 773px) 100vw, 773px\" \/><\/figure>\n<\/div>\n<\/div>\n\n\n\n<div class=\"wp-block-column is-layout-flow wp-block-column-is-layout-flow\" style=\"flex-basis:33.33%\">\n<div class=\"wp-block-group kafelek-hover-effect has-background has-global-padding is-layout-constrained wp-container-core-group-is-layout-fa469a37 wp-block-group-is-layout-constrained\" style=\"border-style:none;border-width:0px;border-radius:14px;background-color:#ffffff;margin-top:0;margin-bottom:0;padding-right:0;padding-left:0;box-shadow:var(--wp--preset--shadow--natural)\">\n<h4 class=\"wp-block-heading has-text-align-center\">Jak pokona\u0107 trem\u0119<\/h4>\n\n\n\n<figure class=\"wp-block-image size-full\"><img loading=\"lazy\" decoding=\"async\" width=\"773\" height=\"536\" src=\"http:\/\/mowiewpracy.pl\/wp-content\/uploads\/2025\/11\/jak-pokonac-treme.jpg\" alt=\"\" class=\"wp-image-388\" srcset=\"https:\/\/mowiewpracy.pl\/wp-content\/uploads\/2025\/11\/jak-pokonac-treme.jpg 773w, https:\/\/mowiewpracy.pl\/wp-content\/uploads\/2025\/11\/jak-pokonac-treme-300x208.jpg 300w, https:\/\/mowiewpracy.pl\/wp-content\/uploads\/2025\/11\/jak-pokonac-treme-768x533.jpg 768w\" sizes=\"(max-width: 773px) 100vw, 773px\" \/><\/figure>\n<\/div>\n<\/div>\n<\/div>\n<\/div>\n\n\n\n<div class=\"wp-block-group alignwide has-global-padding is-layout-constrained wp-container-core-group-is-layout-19e250f3 wp-block-group-is-layout-constrained\">\n<div class=\"wp-block-columns alignwide is-layout-flex wp-container-core-columns-is-layout-28f84493 wp-block-columns-is-layout-flex\">\n<div class=\"wp-block-column is-layout-flow wp-block-column-is-layout-flow\" style=\"flex-basis:33.33%\">\n<div class=\"wp-block-group kafelek-hover-effect has-background has-global-padding is-layout-constrained wp-container-core-group-is-layout-7fca5b48 wp-block-group-is-layout-constrained\" style=\"border-style:none;border-width:0px;border-radius:14px;background-color:#ffffff;box-shadow:var(--wp--preset--shadow--natural)\">\n<h4 class=\"wp-block-heading has-text-align-center\">Mowa cia\u0142a<\/h4>\n\n\n\n<figure class=\"wp-block-image size-full\"><img loading=\"lazy\" decoding=\"async\" width=\"773\" height=\"536\" src=\"http:\/\/mowiewpracy.pl\/wp-content\/uploads\/2025\/11\/mowa-ciala.jpg\" alt=\"\" class=\"wp-image-389\" style=\"object-fit:cover\" srcset=\"https:\/\/mowiewpracy.pl\/wp-content\/uploads\/2025\/11\/mowa-ciala.jpg 773w, https:\/\/mowiewpracy.pl\/wp-content\/uploads\/2025\/11\/mowa-ciala-300x208.jpg 300w, https:\/\/mowiewpracy.pl\/wp-content\/uploads\/2025\/11\/mowa-ciala-768x533.jpg 768w\" sizes=\"(max-width: 773px) 100vw, 773px\" \/><\/figure>\n<\/div>\n<\/div>\n\n\n\n<div class=\"wp-block-column is-layout-flow wp-block-column-is-layout-flow\" style=\"flex-basis:33.33%\">\n<div class=\"wp-block-group kafelek-hover-effect has-background has-global-padding is-layout-constrained wp-container-core-group-is-layout-c143bb57 wp-block-group-is-layout-constrained\" style=\"border-style:none;border-width:0px;border-radius:14px;background-color:#ffffff;box-shadow:var(--wp--preset--shadow--natural)\">\n<h4 class=\"wp-block-heading has-text-align-center\">Oddech pod kontrol\u0105<\/h4>\n\n\n\n<figure class=\"wp-block-image size-medium is-resized\"><img loading=\"lazy\" decoding=\"async\" width=\"300\" height=\"208\" src=\"http:\/\/mowiewpracy.pl\/wp-content\/uploads\/2025\/11\/oddech-pod-kontrola-300x208.jpg\" alt=\"\" class=\"wp-image-390\" style=\"aspect-ratio:1.4275862068965517;object-fit:cover;width:414px;height:auto\" srcset=\"https:\/\/mowiewpracy.pl\/wp-content\/uploads\/2025\/11\/oddech-pod-kontrola-300x208.jpg 300w, https:\/\/mowiewpracy.pl\/wp-content\/uploads\/2025\/11\/oddech-pod-kontrola-768x533.jpg 768w, https:\/\/mowiewpracy.pl\/wp-content\/uploads\/2025\/11\/oddech-pod-kontrola.jpg 773w\" sizes=\"(max-width: 300px) 100vw, 300px\" \/><\/figure>\n<\/div>\n<\/div>\n\n\n\n<div class=\"wp-block-column is-layout-flow wp-container-core-column-is-layout-8a368f38 wp-block-column-is-layout-flow\" style=\"flex-basis:33.33%\">\n<div class=\"wp-block-group kafelek-hover-effect has-background has-global-padding is-layout-constrained wp-container-core-group-is-layout-a68ed81b wp-block-group-is-layout-constrained\" style=\"border-style:none;border-width:0px;border-radius:14px;background-color:#ffffff;margin-top:0;margin-bottom:0;padding-right:0;padding-left:0;box-shadow:var(--wp--preset--shadow--natural)\">\n<h4 class=\"wp-block-heading has-text-align-center\">Plan rozwoju<\/h4>\n\n\n\n<figure class=\"wp-block-image size-full\"><img loading=\"lazy\" decoding=\"async\" width=\"773\" height=\"536\" src=\"http:\/\/mowiewpracy.pl\/wp-content\/uploads\/2025\/11\/plan-rozwoju.jpg\" alt=\"\" class=\"wp-image-391\" srcset=\"https:\/\/mowiewpracy.pl\/wp-content\/uploads\/2025\/11\/plan-rozwoju.jpg 773w, https:\/\/mowiewpracy.pl\/wp-content\/uploads\/2025\/11\/plan-rozwoju-300x208.jpg 300w, https:\/\/mowiewpracy.pl\/wp-content\/uploads\/2025\/11\/plan-rozwoju-768x533.jpg 768w\" sizes=\"(max-width: 773px) 100vw, 773px\" \/><\/figure>\n<\/div>\n<\/div>\n<\/div>\n<\/div>\n\n\n\n<div class=\"wp-block-group alignwide has-global-padding is-layout-constrained wp-container-core-group-is-layout-19e250f3 wp-block-group-is-layout-constrained\">\n<div class=\"wp-block-columns alignwide is-layout-flex wp-container-core-columns-is-layout-28f84493 wp-block-columns-is-layout-flex\">\n<div class=\"wp-block-column is-layout-flow wp-block-column-is-layout-flow\" style=\"flex-basis:33.33%\">\n<div class=\"wp-block-group kafelek-hover-effect has-background has-global-padding is-layout-constrained wp-container-core-group-is-layout-287b5a18 wp-block-group-is-layout-constrained\" style=\"border-style:none;border-width:0px;border-radius:14px;background-color:#ffffff;box-shadow:var(--wp--preset--shadow--natural)\">\n<h4 class=\"wp-block-heading has-text-align-center\">Si\u0142a pierwszych sekund<\/h4>\n\n\n\n<figure class=\"wp-block-image size-full\"><img loading=\"lazy\" decoding=\"async\" width=\"773\" height=\"536\" src=\"http:\/\/mowiewpracy.pl\/wp-content\/uploads\/2025\/11\/sila-pierwszych-sekund.jpg\" alt=\"\" class=\"wp-image-392\" srcset=\"https:\/\/mowiewpracy.pl\/wp-content\/uploads\/2025\/11\/sila-pierwszych-sekund.jpg 773w, https:\/\/mowiewpracy.pl\/wp-content\/uploads\/2025\/11\/sila-pierwszych-sekund-300x208.jpg 300w, https:\/\/mowiewpracy.pl\/wp-content\/uploads\/2025\/11\/sila-pierwszych-sekund-768x533.jpg 768w\" sizes=\"(max-width: 773px) 100vw, 773px\" \/><\/figure>\n<\/div>\n<\/div>\n\n\n\n<div class=\"wp-block-column is-layout-flow wp-block-column-is-layout-flow\" style=\"flex-basis:33.33%\">\n<div class=\"wp-block-group kafelek-hover-effect has-background has-global-padding is-layout-constrained wp-container-core-group-is-layout-c0760594 wp-block-group-is-layout-constrained\" style=\"border-style:none;border-width:0px;border-radius:14px;background-color:#ffffff;box-shadow:var(--wp--preset--shadow--natural)\">\n<h4 class=\"wp-block-heading has-text-align-center\">Spok\u00f3j i opanowanie<\/h4>\n\n\n\n<figure class=\"wp-block-image size-full\"><img loading=\"lazy\" decoding=\"async\" width=\"773\" height=\"536\" src=\"http:\/\/mowiewpracy.pl\/wp-content\/uploads\/2025\/11\/spokoj-i-opanowanie.jpg\" alt=\"\" class=\"wp-image-393\" srcset=\"https:\/\/mowiewpracy.pl\/wp-content\/uploads\/2025\/11\/spokoj-i-opanowanie.jpg 773w, https:\/\/mowiewpracy.pl\/wp-content\/uploads\/2025\/11\/spokoj-i-opanowanie-300x208.jpg 300w, https:\/\/mowiewpracy.pl\/wp-content\/uploads\/2025\/11\/spokoj-i-opanowanie-768x533.jpg 768w\" sizes=\"(max-width: 773px) 100vw, 773px\" \/><\/figure>\n<\/div>\n<\/div>\n\n\n\n<div class=\"wp-block-column is-layout-flow wp-block-column-is-layout-flow\" style=\"flex-basis:33.33%\">\n<div class=\"wp-block-group kafelek-hover-effect has-background has-global-padding is-layout-constrained wp-container-core-group-is-layout-fa469a37 wp-block-group-is-layout-constrained\" style=\"border-style:none;border-width:0px;border-radius:14px;background-color:#ffffff;margin-top:0;margin-bottom:0;padding-right:0;padding-left:0;box-shadow:var(--wp--preset--shadow--natural)\">\n<h4 class=\"wp-block-heading has-text-align-center\">Storytelling<\/h4>\n\n\n\n<figure class=\"wp-block-image size-full\"><img loading=\"lazy\" decoding=\"async\" width=\"773\" height=\"536\" src=\"http:\/\/mowiewpracy.pl\/wp-content\/uploads\/2025\/11\/storytelling.jpg\" alt=\"\" class=\"wp-image-394\" srcset=\"https:\/\/mowiewpracy.pl\/wp-content\/uploads\/2025\/11\/storytelling.jpg 773w, https:\/\/mowiewpracy.pl\/wp-content\/uploads\/2025\/11\/storytelling-300x208.jpg 300w, https:\/\/mowiewpracy.pl\/wp-content\/uploads\/2025\/11\/storytelling-768x533.jpg 768w\" sizes=\"(max-width: 773px) 100vw, 773px\" \/><\/figure>\n<\/div>\n<\/div>\n<\/div>\n<\/div>\n\n\n\n<div class=\"wp-block-group alignwide has-global-padding is-layout-constrained wp-container-core-group-is-layout-19e250f3 wp-block-group-is-layout-constrained\">\n<div class=\"wp-block-columns alignwide is-layout-flex wp-container-core-columns-is-layout-28f84493 wp-block-columns-is-layout-flex\">\n<div class=\"wp-block-column is-layout-flow wp-block-column-is-layout-flow\" style=\"flex-basis:33.33%\">\n<div class=\"wp-block-group kafelek-hover-effect has-background has-global-padding is-layout-constrained wp-container-core-group-is-layout-287b5a18 wp-block-group-is-layout-constrained\" style=\"border-style:none;border-width:0px;border-radius:14px;background-color:#ffffff;box-shadow:var(--wp--preset--shadow--natural)\">\n<h4 class=\"wp-block-heading has-text-align-center\">Technikalia<\/h4>\n\n\n\n<figure class=\"wp-block-image size-full\"><img loading=\"lazy\" decoding=\"async\" width=\"773\" height=\"536\" src=\"http:\/\/mowiewpracy.pl\/wp-content\/uploads\/2025\/11\/technikalia.jpg\" alt=\"\" class=\"wp-image-395\" srcset=\"https:\/\/mowiewpracy.pl\/wp-content\/uploads\/2025\/11\/technikalia.jpg 773w, https:\/\/mowiewpracy.pl\/wp-content\/uploads\/2025\/11\/technikalia-300x208.jpg 300w, https:\/\/mowiewpracy.pl\/wp-content\/uploads\/2025\/11\/technikalia-768x533.jpg 768w\" sizes=\"(max-width: 773px) 100vw, 773px\" \/><\/figure>\n<\/div>\n<\/div>\n\n\n\n<div class=\"wp-block-column is-layout-flow wp-block-column-is-layout-flow\" style=\"flex-basis:33.33%\">\n<div class=\"wp-block-group kafelek-hover-effect has-background has-global-padding is-layout-constrained wp-container-core-group-is-layout-c0760594 wp-block-group-is-layout-constrained\" style=\"border-style:none;border-width:0px;border-radius:14px;background-color:#ffffff;box-shadow:var(--wp--preset--shadow--natural)\">\n<h4 class=\"wp-block-heading has-text-align-center\">Trudne sytuacje<\/h4>\n\n\n\n<figure class=\"wp-block-image size-full\"><img loading=\"lazy\" decoding=\"async\" width=\"773\" height=\"536\" src=\"http:\/\/mowiewpracy.pl\/wp-content\/uploads\/2025\/11\/trudne-sytuacje.jpg\" alt=\"\" class=\"wp-image-396\" srcset=\"https:\/\/mowiewpracy.pl\/wp-content\/uploads\/2025\/11\/trudne-sytuacje.jpg 773w, https:\/\/mowiewpracy.pl\/wp-content\/uploads\/2025\/11\/trudne-sytuacje-300x208.jpg 300w, https:\/\/mowiewpracy.pl\/wp-content\/uploads\/2025\/11\/trudne-sytuacje-768x533.jpg 768w\" sizes=\"(max-width: 773px) 100vw, 773px\" \/><\/figure>\n<\/div>\n<\/div>\n\n\n\n<div class=\"wp-block-column is-layout-flow wp-block-column-is-layout-flow\" style=\"flex-basis:33.33%\">\n<div class=\"wp-block-group kafelek-hover-effect has-background has-global-padding is-layout-constrained wp-container-core-group-is-layout-fa469a37 wp-block-group-is-layout-constrained\" style=\"border-style:none;border-width:0px;border-radius:14px;background-color:#ffffff;margin-top:0;margin-bottom:0;padding-right:0;padding-left:0;box-shadow:var(--wp--preset--shadow--natural)\">\n<h4 class=\"wp-block-heading has-text-align-center\">Wyst\u0105pienia krok po kroku<\/h4>\n\n\n\n<figure class=\"wp-block-image size-full\"><img loading=\"lazy\" decoding=\"async\" width=\"773\" height=\"536\" src=\"http:\/\/mowiewpracy.pl\/wp-content\/uploads\/2025\/11\/wystapienia-krok-po-kroku.jpg\" alt=\"\" class=\"wp-image-397\" srcset=\"https:\/\/mowiewpracy.pl\/wp-content\/uploads\/2025\/11\/wystapienia-krok-po-kroku.jpg 773w, https:\/\/mowiewpracy.pl\/wp-content\/uploads\/2025\/11\/wystapienia-krok-po-kroku-300x208.jpg 300w, https:\/\/mowiewpracy.pl\/wp-content\/uploads\/2025\/11\/wystapienia-krok-po-kroku-768x533.jpg 768w\" sizes=\"(max-width: 773px) 100vw, 773px\" \/><\/figure>\n<\/div>\n<\/div>\n<\/div>\n<\/div>\n","protected":false},"excerpt":{"rendered":"<p>Powiedz to dobrze Wyst\u0105pienia publiczne nie musz\u0105 kojarzy\u0107 si\u0119 z trem\u0105 i stresem. Kluczem jest spok\u00f3j \u2014 umiej\u0119tno\u015b\u0107, kt\u00f3r\u0105 mo\u017cesz wypracowa\u0107. Naucz si\u0119, jak zamieni\u0107 naturalny stres w energi\u0119, budowa\u0107 autentyczn\u0105 relacj\u0119 i zyska\u0107 pe\u0142n\u0105 kontrol\u0119 nad scen\u0105 Od czego zacz\u0105\u0107? Kluczowe obszary rozwoju B\u0142\u0119dy J\u0119zykowe G\u0142os m\u00f3wcy Jak pokona\u0107 trem\u0119 Mowa cia\u0142a Oddech pod [&hellip;]<\/p>\n","protected":false},"author":1,"featured_media":0,"parent":0,"menu_order":0,"comment_status":"closed","ping_status":"closed","template":"","meta":{"footnotes":""},"class_list":["post-328","page","type-page","status-publish","hentry"],"_links":{"self":[{"href":"https:\/\/mowiewpracy.pl\/index.php\/wp-json\/wp\/v2\/pages\/328","targetHints":{"allow":["GET"]}}],"collection":[{"href":"https:\/\/mowiewpracy.pl\/index.php\/wp-json\/wp\/v2\/pages"}],"about":[{"href":"https:\/\/mowiewpracy.pl\/index.php\/wp-json\/wp\/v2\/types\/page"}],"author":[{"embeddable":true,"href":"https:\/\/mowiewpracy.pl\/index.php\/wp-json\/wp\/v2\/users\/1"}],"replies":[{"embeddable":true,"href":"https:\/\/mowiewpracy.pl\/index.php\/wp-json\/wp\/v2\/comments?post=328"}],"version-history":[{"count":33,"href":"https:\/\/mowiewpracy.pl\/index.php\/wp-json\/wp\/v2\/pages\/328\/revisions"}],"predecessor-version":[{"id":462,"href":"https:\/\/mowiewpracy.pl\/index.php\/wp-json\/wp\/v2\/pages\/328\/revisions\/462"}],"wp:attachment":[{"href":"https:\/\/mowiewpracy.pl\/index.php\/wp-json\/wp\/v2\/media?parent=328"}],"curies":[{"name":"wp","href":"https:\/\/api.w.org\/{rel}","templated":true}]}}