{"id":401,"date":"2025-11-30T21:24:20","date_gmt":"2025-11-30T20:24:20","guid":{"rendered":"https:\/\/mowiewpracy.pl\/?page_id=401"},"modified":"2025-12-14T22:07:04","modified_gmt":"2025-12-14T21:07:04","slug":"galeria","status":"publish","type":"page","link":"https:\/\/mowiewpracy.pl\/index.php\/galeria\/","title":{"rendered":""},"content":{"rendered":"\n<h1 class=\"wp-block-heading alignwide\">&#8230;GAleriA<\/h1>\n\n\n\n<div class=\"wp-block-group alignwide has-global-padding is-layout-constrained wp-block-group-is-layout-constrained\">\n<h4 class=\"wp-block-heading alignwide has-x-large-font-size\" style=\"line-height:1.2\"><code>Nazywam si\u0119 Monika Kowalczyk-Kogut i od lat pomagam m\u00f3wi\u0107 lepiej.<\/code><\/h4>\n<\/div>\n\n\n\n<div class=\"wp-block-group alignfull has-global-padding is-layout-constrained wp-container-core-group-is-layout-b25ccd55 wp-block-group-is-layout-constrained\" style=\"margin-top:0;margin-bottom:0;padding-top:var(--wp--preset--spacing--50);padding-right:var(--wp--preset--spacing--50);padding-bottom:var(--wp--preset--spacing--50);padding-left:var(--wp--preset--spacing--50)\">\n<div class=\"wp-block-columns alignwide is-layout-flex wp-container-core-columns-is-layout-ff4b9c61 wp-block-columns-is-layout-flex\" style=\"margin-top:0;margin-bottom:0\">\n<div class=\"wp-block-column is-layout-flow wp-container-core-column-is-layout-8a368f38 wp-block-column-is-layout-flow\">\n<figure class=\"wp-block-image size-full is-style-rounded is-style-rounded--1\"><img fetchpriority=\"high\" decoding=\"async\" width=\"2048\" height=\"1371\" src=\"http:\/\/mowiewpracy.pl\/wp-content\/uploads\/2025\/11\/rower.jpg\" alt=\"\" class=\"wp-image-291\" style=\"aspect-ratio:4\/3;object-fit:cover\" srcset=\"https:\/\/mowiewpracy.pl\/wp-content\/uploads\/2025\/11\/rower.jpg 2048w, https:\/\/mowiewpracy.pl\/wp-content\/uploads\/2025\/11\/rower-300x201.jpg 300w, https:\/\/mowiewpracy.pl\/wp-content\/uploads\/2025\/11\/rower-1024x686.jpg 1024w, https:\/\/mowiewpracy.pl\/wp-content\/uploads\/2025\/11\/rower-768x514.jpg 768w, https:\/\/mowiewpracy.pl\/wp-content\/uploads\/2025\/11\/rower-1536x1028.jpg 1536w\" sizes=\"(max-width: 2048px) 100vw, 2048px\" \/><\/figure>\n\n\n\n<div style=\"height:var(--wp--preset--spacing--50)\" aria-hidden=\"true\" class=\"wp-block-spacer\"><\/div>\n\n\n\n<figure class=\"wp-block-image size-full is-style-rounded is-style-rounded--2\"><img decoding=\"async\" width=\"482\" height=\"720\" src=\"http:\/\/mowiewpracy.pl\/wp-content\/uploads\/2025\/11\/londyn.jpg\" alt=\"\" class=\"wp-image-284\" style=\"aspect-ratio:3\/4;object-fit:cover\" srcset=\"https:\/\/mowiewpracy.pl\/wp-content\/uploads\/2025\/11\/londyn.jpg 482w, https:\/\/mowiewpracy.pl\/wp-content\/uploads\/2025\/11\/londyn-201x300.jpg 201w\" sizes=\"(max-width: 482px) 100vw, 482px\" \/><\/figure>\n\n\n\n<div style=\"height:var(--wp--preset--spacing--50)\" aria-hidden=\"true\" class=\"wp-block-spacer\"><\/div>\n\n\n\n<figure class=\"wp-block-image size-full is-style-rounded is-style-rounded--3\"><img decoding=\"async\" width=\"960\" height=\"906\" src=\"http:\/\/mowiewpracy.pl\/wp-content\/uploads\/2025\/11\/srebrna-marynara.jpg\" alt=\"\" class=\"wp-image-295\" style=\"aspect-ratio:3\/4;object-fit:cover\" srcset=\"https:\/\/mowiewpracy.pl\/wp-content\/uploads\/2025\/11\/srebrna-marynara.jpg 960w, https:\/\/mowiewpracy.pl\/wp-content\/uploads\/2025\/11\/srebrna-marynara-300x283.jpg 300w, https:\/\/mowiewpracy.pl\/wp-content\/uploads\/2025\/11\/srebrna-marynara-768x725.jpg 768w\" sizes=\"(max-width: 960px) 100vw, 960px\" \/><\/figure>\n<\/div>\n\n\n\n<div class=\"wp-block-column is-layout-flow wp-container-core-column-is-layout-8a368f38 wp-block-column-is-layout-flow\">\n<div style=\"height:var(--wp--preset--spacing--50)\" aria-hidden=\"true\" class=\"wp-block-spacer\"><\/div>\n\n\n\n<figure class=\"wp-block-image size-full is-style-rounded is-style-rounded--4\"><img loading=\"lazy\" decoding=\"async\" width=\"1836\" height=\"2048\" src=\"http:\/\/mowiewpracy.pl\/wp-content\/uploads\/2025\/10\/dom_spok_ksiazki.jpg\" alt=\"\" class=\"wp-image-61\" style=\"aspect-ratio:3\/4;object-fit:cover\" srcset=\"https:\/\/mowiewpracy.pl\/wp-content\/uploads\/2025\/10\/dom_spok_ksiazki.jpg 1836w, https:\/\/mowiewpracy.pl\/wp-content\/uploads\/2025\/10\/dom_spok_ksiazki-269x300.jpg 269w, https:\/\/mowiewpracy.pl\/wp-content\/uploads\/2025\/10\/dom_spok_ksiazki-918x1024.jpg 918w, https:\/\/mowiewpracy.pl\/wp-content\/uploads\/2025\/10\/dom_spok_ksiazki-768x857.jpg 768w, https:\/\/mowiewpracy.pl\/wp-content\/uploads\/2025\/10\/dom_spok_ksiazki-1377x1536.jpg 1377w\" sizes=\"(max-width: 1836px) 100vw, 1836px\" \/><\/figure>\n\n\n\n<div style=\"height:var(--wp--preset--spacing--50)\" aria-hidden=\"true\" class=\"wp-block-spacer\"><\/div>\n\n\n\n<figure class=\"wp-block-image size-large is-style-rounded is-style-rounded--5\"><img loading=\"lazy\" decoding=\"async\" width=\"1024\" height=\"692\" src=\"http:\/\/mowiewpracy.pl\/wp-content\/uploads\/2025\/11\/IMGP3730-1024x692.jpg\" alt=\"\" class=\"wp-image-280\" style=\"aspect-ratio:1;object-fit:cover\" srcset=\"https:\/\/mowiewpracy.pl\/wp-content\/uploads\/2025\/11\/IMGP3730-1024x692.jpg 1024w, https:\/\/mowiewpracy.pl\/wp-content\/uploads\/2025\/11\/IMGP3730-300x203.jpg 300w, https:\/\/mowiewpracy.pl\/wp-content\/uploads\/2025\/11\/IMGP3730-768x519.jpg 768w, https:\/\/mowiewpracy.pl\/wp-content\/uploads\/2025\/11\/IMGP3730-1536x1038.jpg 1536w, https:\/\/mowiewpracy.pl\/wp-content\/uploads\/2025\/11\/IMGP3730-2048x1384.jpg 2048w\" sizes=\"(max-width: 1024px) 100vw, 1024px\" \/><\/figure>\n\n\n\n<div style=\"height:var(--wp--preset--spacing--50)\" aria-hidden=\"true\" class=\"wp-block-spacer\"><\/div>\n\n\n\n<figure class=\"wp-block-image size-large is-style-rounded is-style-rounded--6\"><img loading=\"lazy\" decoding=\"async\" width=\"1024\" height=\"661\" src=\"http:\/\/mowiewpracy.pl\/wp-content\/uploads\/2025\/11\/IMGP1048-1024x661.jpg\" alt=\"\" class=\"wp-image-278\" style=\"aspect-ratio:1;object-fit:cover\" srcset=\"https:\/\/mowiewpracy.pl\/wp-content\/uploads\/2025\/11\/IMGP1048-1024x661.jpg 1024w, https:\/\/mowiewpracy.pl\/wp-content\/uploads\/2025\/11\/IMGP1048-300x194.jpg 300w, https:\/\/mowiewpracy.pl\/wp-content\/uploads\/2025\/11\/IMGP1048-768x496.jpg 768w, https:\/\/mowiewpracy.pl\/wp-content\/uploads\/2025\/11\/IMGP1048-1536x991.jpg 1536w, https:\/\/mowiewpracy.pl\/wp-content\/uploads\/2025\/11\/IMGP1048-2048x1322.jpg 2048w\" sizes=\"(max-width: 1024px) 100vw, 1024px\" \/><\/figure>\n<\/div>\n\n\n\n<div class=\"wp-block-column is-layout-flow wp-container-core-column-is-layout-8a368f38 wp-block-column-is-layout-flow\">\n<figure class=\"wp-block-image size-large is-style-rounded is-style-rounded--7\"><img loading=\"lazy\" decoding=\"async\" width=\"781\" height=\"1024\" src=\"http:\/\/mowiewpracy.pl\/wp-content\/uploads\/2025\/11\/50x38-3-781x1024.jpg\" alt=\"\" class=\"wp-image-268\" style=\"aspect-ratio:3\/4;object-fit:cover\" srcset=\"https:\/\/mowiewpracy.pl\/wp-content\/uploads\/2025\/11\/50x38-3-781x1024.jpg 781w, https:\/\/mowiewpracy.pl\/wp-content\/uploads\/2025\/11\/50x38-3-229x300.jpg 229w, https:\/\/mowiewpracy.pl\/wp-content\/uploads\/2025\/11\/50x38-3-768x1007.jpg 768w, https:\/\/mowiewpracy.pl\/wp-content\/uploads\/2025\/11\/50x38-3-1171x1536.jpg 1171w, https:\/\/mowiewpracy.pl\/wp-content\/uploads\/2025\/11\/50x38-3-1562x2048.jpg 1562w, https:\/\/mowiewpracy.pl\/wp-content\/uploads\/2025\/11\/50x38-3-scaled.jpg 1952w\" sizes=\"(max-width: 781px) 100vw, 781px\" \/><\/figure>\n\n\n\n<div style=\"height:var(--wp--preset--spacing--50)\" aria-hidden=\"true\" class=\"wp-block-spacer\"><\/div>\n\n\n\n<figure class=\"wp-block-image size-full is-style-rounded is-style-rounded--8\"><img loading=\"lazy\" decoding=\"async\" width=\"683\" height=\"384\" src=\"http:\/\/mowiewpracy.pl\/wp-content\/uploads\/2025\/11\/warsztaty495377334_1116992937123318_740600292796026129_n-edited.jpg\" alt=\"\" class=\"wp-image-344\" style=\"aspect-ratio:3\/4;object-fit:cover\" srcset=\"https:\/\/mowiewpracy.pl\/wp-content\/uploads\/2025\/11\/warsztaty495377334_1116992937123318_740600292796026129_n-edited.jpg 683w, https:\/\/mowiewpracy.pl\/wp-content\/uploads\/2025\/11\/warsztaty495377334_1116992937123318_740600292796026129_n-edited-300x169.jpg 300w\" sizes=\"(max-width: 683px) 100vw, 683px\" \/><\/figure>\n\n\n\n<div style=\"height:var(--wp--preset--spacing--50)\" aria-hidden=\"true\" class=\"wp-block-spacer\"><\/div>\n\n\n\n<figure class=\"wp-block-image size-large is-style-rounded is-style-rounded--9\"><img loading=\"lazy\" decoding=\"async\" width=\"1024\" height=\"714\" src=\"http:\/\/mowiewpracy.pl\/wp-content\/uploads\/2025\/11\/Elblag-1024x714.jpg\" alt=\"\" class=\"wp-image-275\" style=\"aspect-ratio:16\/9;object-fit:cover\" srcset=\"https:\/\/mowiewpracy.pl\/wp-content\/uploads\/2025\/11\/Elblag-1024x714.jpg 1024w, https:\/\/mowiewpracy.pl\/wp-content\/uploads\/2025\/11\/Elblag-300x209.jpg 300w, https:\/\/mowiewpracy.pl\/wp-content\/uploads\/2025\/11\/Elblag-768x536.jpg 768w, https:\/\/mowiewpracy.pl\/wp-content\/uploads\/2025\/11\/Elblag-1536x1071.jpg 1536w, https:\/\/mowiewpracy.pl\/wp-content\/uploads\/2025\/11\/Elblag.jpg 2048w\" sizes=\"(max-width: 1024px) 100vw, 1024px\" \/><\/figure>\n<\/div>\n\n\n\n<div class=\"wp-block-column is-layout-flow wp-container-core-column-is-layout-8a368f38 wp-block-column-is-layout-flow\">\n<div style=\"height:var(--wp--preset--spacing--50)\" aria-hidden=\"true\" class=\"wp-block-spacer\"><\/div>\n\n\n\n<figure class=\"wp-block-image size-large is-style-rounded is-style-rounded--10\"><img loading=\"lazy\" decoding=\"async\" width=\"847\" height=\"1024\" src=\"http:\/\/mowiewpracy.pl\/wp-content\/uploads\/2025\/11\/IMGP3996-847x1024.jpg\" alt=\"\" class=\"wp-image-282\" style=\"aspect-ratio:1;object-fit:cover\" srcset=\"https:\/\/mowiewpracy.pl\/wp-content\/uploads\/2025\/11\/IMGP3996-847x1024.jpg 847w, https:\/\/mowiewpracy.pl\/wp-content\/uploads\/2025\/11\/IMGP3996-248x300.jpg 248w, https:\/\/mowiewpracy.pl\/wp-content\/uploads\/2025\/11\/IMGP3996-768x928.jpg 768w, https:\/\/mowiewpracy.pl\/wp-content\/uploads\/2025\/11\/IMGP3996-1271x1536.jpg 1271w, https:\/\/mowiewpracy.pl\/wp-content\/uploads\/2025\/11\/IMGP3996-1694x2048.jpg 1694w\" sizes=\"(max-width: 847px) 100vw, 847px\" \/><\/figure>\n\n\n\n<div style=\"height:var(--wp--preset--spacing--50)\" aria-hidden=\"true\" class=\"wp-block-spacer\"><\/div>\n\n\n\n<figure class=\"wp-block-image size-full is-style-rounded is-style-rounded--11\"><img loading=\"lazy\" decoding=\"async\" width=\"960\" height=\"687\" src=\"http:\/\/mowiewpracy.pl\/wp-content\/uploads\/2025\/11\/skacze.jpg\" alt=\"\" class=\"wp-image-293\" style=\"aspect-ratio:16\/9;object-fit:cover\" srcset=\"https:\/\/mowiewpracy.pl\/wp-content\/uploads\/2025\/11\/skacze.jpg 960w, https:\/\/mowiewpracy.pl\/wp-content\/uploads\/2025\/11\/skacze-300x215.jpg 300w, https:\/\/mowiewpracy.pl\/wp-content\/uploads\/2025\/11\/skacze-768x550.jpg 768w\" sizes=\"(max-width: 960px) 100vw, 960px\" \/><\/figure>\n\n\n\n<div style=\"height:var(--wp--preset--spacing--50)\" aria-hidden=\"true\" class=\"wp-block-spacer\"><\/div>\n\n\n\n<figure class=\"wp-block-image size-large is-style-rounded is-style-rounded--12\"><img loading=\"lazy\" decoding=\"async\" width=\"917\" height=\"1024\" src=\"http:\/\/mowiewpracy.pl\/wp-content\/uploads\/2025\/11\/2011-skarzysko-917x1024.jpg\" alt=\"\" class=\"wp-image-270\" style=\"aspect-ratio:9\/16;object-fit:cover\" srcset=\"https:\/\/mowiewpracy.pl\/wp-content\/uploads\/2025\/11\/2011-skarzysko-917x1024.jpg 917w, https:\/\/mowiewpracy.pl\/wp-content\/uploads\/2025\/11\/2011-skarzysko-269x300.jpg 269w, https:\/\/mowiewpracy.pl\/wp-content\/uploads\/2025\/11\/2011-skarzysko-768x858.jpg 768w, https:\/\/mowiewpracy.pl\/wp-content\/uploads\/2025\/11\/2011-skarzysko-1376x1536.jpg 1376w, https:\/\/mowiewpracy.pl\/wp-content\/uploads\/2025\/11\/2011-skarzysko.jpg 1834w\" sizes=\"(max-width: 917px) 100vw, 917px\" \/><\/figure>\n<\/div>\n<\/div>\n\n\n\n<div class=\"wp-block-columns alignwide is-layout-flex wp-container-core-columns-is-layout-28f84493 wp-block-columns-is-layout-flex\">\n<div class=\"wp-block-column is-layout-flow wp-block-column-is-layout-flow\" style=\"flex-basis:33.33%\"><\/div>\n\n\n\n<div class=\"wp-block-column is-layout-flow wp-block-column-is-layout-flow\" style=\"flex-basis:66.66%\">\n<div style=\"height:100px\" aria-hidden=\"true\" class=\"wp-block-spacer\"><\/div>\n\n\n\n<p class=\"has-medium-font-size\"><code>Pracuj\u0119 ze s\u0142owem na wielu p\u0142aszczyznach \u2013 jako konferansjer prowadz\u0105cy presti\u017cowe gale i konferencje oraz jako trenerka, kt\u00f3ra uczy, jak skutecznie komunikowa\u0107 si\u0119 w \u015bwiecie biznesu. Wierz\u0119, \u017ce dobre wyst\u0105pienie to nie talent, a rzemios\u0142o, kt\u00f3rego mo\u017cna si\u0119 nauczy\u0107. Moj\u0105 pasj\u0105 jest tak\u017ce kultura s\u0142owa, kt\u00f3r\u0105 piel\u0119gnuj\u0119 m.in. w \"Domu Spokojnej Ksi\u0105\u017cki\".<\/code><\/p>\n<\/div>\n<\/div>\n<\/div>\n","protected":false},"excerpt":{"rendered":"<p>&#8230;GAleriA Nazywam si\u0119 Monika Kowalczyk-Kogut i od lat pomagam m\u00f3wi\u0107 lepiej. Pracuj\u0119 ze s\u0142owem na wielu p\u0142aszczyznach \u2013 jako konferansjer prowadz\u0105cy presti\u017cowe gale i konferencje oraz jako trenerka, kt\u00f3ra uczy, jak skutecznie komunikowa\u0107 si\u0119 w \u015bwiecie biznesu. Wierz\u0119, \u017ce dobre wyst\u0105pienie to nie talent, a rzemios\u0142o, kt\u00f3rego mo\u017cna si\u0119 nauczy\u0107. Moj\u0105 pasj\u0105 jest tak\u017ce kultura [&hellip;]<\/p>\n","protected":false},"author":1,"featured_media":0,"parent":0,"menu_order":0,"comment_status":"closed","ping_status":"closed","template":"","meta":{"footnotes":""},"class_list":["post-401","page","type-page","status-publish","hentry"],"_links":{"self":[{"href":"https:\/\/mowiewpracy.pl\/index.php\/wp-json\/wp\/v2\/pages\/401","targetHints":{"allow":["GET"]}}],"collection":[{"href":"https:\/\/mowiewpracy.pl\/index.php\/wp-json\/wp\/v2\/pages"}],"about":[{"href":"https:\/\/mowiewpracy.pl\/index.php\/wp-json\/wp\/v2\/types\/page"}],"author":[{"embeddable":true,"href":"https:\/\/mowiewpracy.pl\/index.php\/wp-json\/wp\/v2\/users\/1"}],"replies":[{"embeddable":true,"href":"https:\/\/mowiewpracy.pl\/index.php\/wp-json\/wp\/v2\/comments?post=401"}],"version-history":[{"count":8,"href":"https:\/\/mowiewpracy.pl\/index.php\/wp-json\/wp\/v2\/pages\/401\/revisions"}],"predecessor-version":[{"id":538,"href":"https:\/\/mowiewpracy.pl\/index.php\/wp-json\/wp\/v2\/pages\/401\/revisions\/538"}],"wp:attachment":[{"href":"https:\/\/mowiewpracy.pl\/index.php\/wp-json\/wp\/v2\/media?parent=401"}],"curies":[{"name":"wp","href":"https:\/\/api.w.org\/{rel}","templated":true}]}}