{"id":434,"date":"2025-12-01T21:12:46","date_gmt":"2025-12-01T20:12:46","guid":{"rendered":"https:\/\/mowiewpracy.pl\/?page_id=434"},"modified":"2025-12-14T21:21:36","modified_gmt":"2025-12-14T20:21:36","slug":"kontakt","status":"publish","type":"page","link":"https:\/\/mowiewpracy.pl\/index.php\/kontakt\/","title":{"rendered":""},"content":{"rendered":"\n<div class=\"wp-block-columns alignwide is-layout-flex wp-container-core-columns-is-layout-20bb992b wp-block-columns-is-layout-flex\" style=\"margin-top:0;margin-bottom:0;padding-top:0;padding-right:0;padding-bottom:0;padding-left:0\">\n<div class=\"wp-block-column is-layout-flow wp-block-column-is-layout-flow\">\n<figure class=\"wp-block-image size-full\"><img fetchpriority=\"high\" decoding=\"async\" width=\"859\" height=\"960\" src=\"http:\/\/mowiewpracy.pl\/wp-content\/uploads\/2025\/11\/monika-konkurs-recyt-2.jpg\" alt=\"\" class=\"wp-image-287\" srcset=\"https:\/\/mowiewpracy.pl\/wp-content\/uploads\/2025\/11\/monika-konkurs-recyt-2.jpg 859w, https:\/\/mowiewpracy.pl\/wp-content\/uploads\/2025\/11\/monika-konkurs-recyt-2-268x300.jpg 268w, https:\/\/mowiewpracy.pl\/wp-content\/uploads\/2025\/11\/monika-konkurs-recyt-2-768x858.jpg 768w\" sizes=\"(max-width: 859px) 100vw, 859px\" \/><\/figure>\n<\/div>\n\n\n\n<div class=\"wp-block-column is-layout-flow wp-block-column-is-layout-flow\">\n<p class=\"has-text-align-center has-xx-large-font-size\" style=\"margin-top:var(--wp--preset--spacing--50);margin-bottom:var(--wp--preset--spacing--50)\">Kontakt:<\/p>\n\n\n\n<div class=\"contact-list-wrapper\">\n\n    <div class=\"contact-item contact-name\">\n        <div class=\"contact-text full-width-text\">\n            <strong>Monika Kowalczyk-Kogut<\/strong>\n        <\/div>\n    <\/div>\n    \n    <div class=\"contact-item\">\n        <div class=\"contact-icon\">\n            <svg xmlns=\"http:\/\/www.w3.org\/2000\/svg\" width=\"28\" height=\"28\" fill=\"currentColor\" viewBox=\"0 0 24 24\">\n                <path d=\"M6.62 10.79c1.44 2.83 3.76 5.14 6.59 6.59l2.2-2.2c.27-.27.67-.36 1.02-.24 1.12.37 2.33.57 3.57.57.55 0 1 .45 1 1V20c0 .55-.45 1-1 1-9.39 0-17-7.61-17-17 0-.55.45-1 1-1h3.5c.55 0 1 .45 1 1 0 1.25.2 2.45.57 3.57.11.35.03.74-.25 1.02l-2.2 2.2z\"\/>\n            <\/svg>\n        <\/div>\n        <div class=\"contact-text\">\n            <strong>TELEFON<\/strong><br>\n            <a href=\"tel:+48604510256\">(+48) 604 510 256<\/a>\n        <\/div>\n    <\/div>\n\n    <div class=\"contact-item\">\n        <div class=\"contact-icon\">\n            <svg xmlns=\"http:\/\/www.w3.org\/2000\/svg\" width=\"28\" height=\"28\" fill=\"currentColor\" viewBox=\"0 0 24 24\">\n                <path d=\"M20 4H4c-1.1 0-1.99.9-1.99 2L2 18c0 1.1.9 2 2 2h16c1.1 0 2-.9 2-2V6c0-1.1-.9-2-2-2zm0 4l-8 5-8-5V6l8 5 8-5v2z\"\/>\n            <\/svg>\n        <\/div>\n        <div class=\"contact-text\">\n            <strong>E-MAIL<\/strong><br>\n            <a href=\"mailto:kontakt@mowiewpracy.pl\">kontakt@mowiewpracy.pl<\/a>\n        <\/div>\n    <\/div>\n\n    <div class=\"contact-item contact-note\">\n        <div class=\"contact-text full-width-text\">\n            Warunki wsp\u00f3\u0142pracy ustalane s\u0105 indywidualnie, zapraszam do kontaktu.\n        <\/div>\n    <\/div>\n\n<\/div>\n<\/div>\n<\/div>\n\n\n\n<div class=\"wp-block-group alignfull has-contrast-color has-text-color has-link-color wp-elements-4bef94fa7299869d1b639666461fdc7f is-content-justification-space-between is-layout-flex wp-container-core-group-is-layout-3f94fa88 wp-block-group-is-layout-flex\" style=\"padding-top:var(--wp--preset--spacing--30);padding-right:var(--wp--preset--spacing--30);padding-bottom:var(--wp--preset--spacing--30);padding-left:var(--wp--preset--spacing--30)\"><nav class=\"is-responsive items-justified-right wp-block-navigation is-content-justification-right is-layout-flex wp-container-core-navigation-is-layout-f665d2b5 wp-block-navigation-is-layout-flex\" aria-label=\"Menu: Stopka 2\" \n\t\t data-wp-interactive=\"core\/navigation\" data-wp-context='{\"overlayOpenedBy\":{\"click\":false,\"hover\":false,\"focus\":false},\"type\":\"overlay\",\"roleAttribute\":\"\",\"ariaLabel\":\"Menu\"}'><button aria-haspopup=\"dialog\" aria-label=\"Rozwi\u0144 menu\" class=\"wp-block-navigation__responsive-container-open always-shown\" \n\t\t\t\tdata-wp-on--click=\"actions.openMenuOnClick\"\n\t\t\t\tdata-wp-on--keydown=\"actions.handleMenuKeydown\"\n\t\t\t><svg width=\"24\" height=\"24\" xmlns=\"http:\/\/www.w3.org\/2000\/svg\" viewBox=\"0 0 24 24\" aria-hidden=\"true\" focusable=\"false\"><path d=\"M4 7.5h16v1.5H4z\"><\/path><path d=\"M4 15h16v1.5H4z\"><\/path><\/svg><\/button>\n\t\t\t\t<div class=\"wp-block-navigation__responsive-container hidden-by-default\"  id=\"modal-1\" \n\t\t\t\tdata-wp-class--has-modal-open=\"state.isMenuOpen\"\n\t\t\t\tdata-wp-class--is-menu-open=\"state.isMenuOpen\"\n\t\t\t\tdata-wp-watch=\"callbacks.initMenu\"\n\t\t\t\tdata-wp-on--keydown=\"actions.handleMenuKeydown\"\n\t\t\t\tdata-wp-on--focusout=\"actions.handleMenuFocusout\"\n\t\t\t\ttabindex=\"-1\"\n\t\t\t>\n\t\t\t\t\t<div class=\"wp-block-navigation__responsive-close\" tabindex=\"-1\">\n\t\t\t\t\t\t<div class=\"wp-block-navigation__responsive-dialog\" \n\t\t\t\tdata-wp-bind--aria-modal=\"state.ariaModal\"\n\t\t\t\tdata-wp-bind--aria-label=\"state.ariaLabel\"\n\t\t\t\tdata-wp-bind--role=\"state.roleAttribute\"\n\t\t\t>\n\t\t\t\t\t\t\t<button aria-label=\"Zamknij menu\" class=\"wp-block-navigation__responsive-container-close\" \n\t\t\t\tdata-wp-on--click=\"actions.closeMenuOnClick\"\n\t\t\t><svg xmlns=\"http:\/\/www.w3.org\/2000\/svg\" viewBox=\"0 0 24 24\" width=\"24\" height=\"24\" aria-hidden=\"true\" focusable=\"false\"><path d=\"m13.06 12 6.47-6.47-1.06-1.06L12 10.94 5.53 4.47 4.47 5.53 10.94 12l-6.47 6.47 1.06 1.06L12 13.06l6.47 6.47 1.06-1.06L13.06 12Z\"><\/path><\/svg><\/button>\n\t\t\t\t\t\t\t<div class=\"wp-block-navigation__responsive-container-content\" \n\t\t\t\tdata-wp-watch=\"callbacks.focusFirstElement\"\n\t\t\t id=\"modal-1-content\">\n\t\t\t\t\t\t\t\t<ul class=\"wp-block-navigation__container is-responsive items-justified-right wp-block-navigation\"><li class=\" wp-block-navigation-item wp-block-navigation-link\"><a class=\"wp-block-navigation-item__content\"  href=\"https:\/\/mowiewpracy.pl\/index.php\/o-mnie\/\"><span class=\"wp-block-navigation-item__label\">Kariera<\/span><\/a><\/li><\/ul>\n\t\t\t\t\t\t\t<\/div>\n\t\t\t\t\t\t<\/div>\n\t\t\t\t\t<\/div>\n\t\t\t\t<\/div><\/nav><\/div>\n","protected":false},"excerpt":{"rendered":"<p>Kontakt: Monika Kowalczyk-Kogut TELEFON (+48) 604 510 256 E-MAIL kontakt@mowiewpracy.pl Warunki wsp\u00f3\u0142pracy ustalane s\u0105 indywidualnie, zapraszam do kontaktu.<\/p>\n","protected":false},"author":1,"featured_media":0,"parent":0,"menu_order":0,"comment_status":"closed","ping_status":"closed","template":"","meta":{"footnotes":""},"class_list":["post-434","page","type-page","status-publish","hentry"],"_links":{"self":[{"href":"https:\/\/mowiewpracy.pl\/index.php\/wp-json\/wp\/v2\/pages\/434","targetHints":{"allow":["GET"]}}],"collection":[{"href":"https:\/\/mowiewpracy.pl\/index.php\/wp-json\/wp\/v2\/pages"}],"about":[{"href":"https:\/\/mowiewpracy.pl\/index.php\/wp-json\/wp\/v2\/types\/page"}],"author":[{"embeddable":true,"href":"https:\/\/mowiewpracy.pl\/index.php\/wp-json\/wp\/v2\/users\/1"}],"replies":[{"embeddable":true,"href":"https:\/\/mowiewpracy.pl\/index.php\/wp-json\/wp\/v2\/comments?post=434"}],"version-history":[{"count":13,"href":"https:\/\/mowiewpracy.pl\/index.php\/wp-json\/wp\/v2\/pages\/434\/revisions"}],"predecessor-version":[{"id":523,"href":"https:\/\/mowiewpracy.pl\/index.php\/wp-json\/wp\/v2\/pages\/434\/revisions\/523"}],"wp:attachment":[{"href":"https:\/\/mowiewpracy.pl\/index.php\/wp-json\/wp\/v2\/media?parent=434"}],"curies":[{"name":"wp","href":"https:\/\/api.w.org\/{rel}","templated":true}]}}